{"id":25,"date":"2014-04-26T18:38:38","date_gmt":"2014-04-26T17:38:38","guid":{"rendered":"http:\/\/www.praha-mecholupy.cz\/ravennska.321-322\/?page_id=25"},"modified":"2025-07-15T19:35:14","modified_gmt":"2025-07-15T18:35:14","slug":"clenska-schuze","status":"publish","type":"page","link":"https:\/\/www.praha-mecholupy.cz\/ravennska.321-322\/?page_id=25","title":{"rendered":"Shrom\u00e1\u017ed\u011bn\u00ed"},"content":{"rendered":"\n<p>Dne 15.7.2025 byly zve\u0159ejn\u011bny na n\u00e1st\u011bnk\u00e1ch v\u00fdsledky hlasov\u00e1n\u00ed per rollam, kter\u00e9 lze naj\u00edt i v elektronick\u00e9 podob\u011b zde:<\/p>\n\n\n\n<p><a href=\"http:\/\/www.praha-mecholupy.cz\/ravennska.321-322\/wp-content\/uploads\/2025\/07\/Rozhodnuti-per-rollam-2025-vysledek.pdf\">Rozhodnuti-per-rollam-2025-vysledek.pdf<\/a><\/p>\n\n\n\n<p><\/p>\n","protected":false},"excerpt":{"rendered":"<p>Dne 15.7.2025 byly zve\u0159ejn\u011bny na n\u00e1st\u011bnk\u00e1ch v\u00fdsledky hlasov\u00e1n\u00ed per rollam, kter\u00e9 lze naj\u00edt i v elektronick\u00e9 podob\u011b zde: Rozhodnuti-per-rollam-2025-vysledek.pdf<\/p>\n","protected":false},"author":1,"featured_media":0,"parent":0,"menu_order":2,"comment_status":"closed","ping_status":"open","template":"","meta":{"footnotes":""},"class_list":["post-25","page","type-page","status-publish","hentry"],"_links":{"self":[{"href":"https:\/\/www.praha-mecholupy.cz\/ravennska.321-322\/index.php?rest_route=\/wp\/v2\/pages\/25","targetHints":{"allow":["GET"]}}],"collection":[{"href":"https:\/\/www.praha-mecholupy.cz\/ravennska.321-322\/index.php?rest_route=\/wp\/v2\/pages"}],"about":[{"href":"https:\/\/www.praha-mecholupy.cz\/ravennska.321-322\/index.php?rest_route=\/wp\/v2\/types\/page"}],"author":[{"embeddable":true,"href":"https:\/\/www.praha-mecholupy.cz\/ravennska.321-322\/index.php?rest_route=\/wp\/v2\/users\/1"}],"replies":[{"embeddable":true,"href":"https:\/\/www.praha-mecholupy.cz\/ravennska.321-322\/index.php?rest_route=%2Fwp%2Fv2%2Fcomments&post=25"}],"version-history":[{"count":74,"href":"https:\/\/www.praha-mecholupy.cz\/ravennska.321-322\/index.php?rest_route=\/wp\/v2\/pages\/25\/revisions"}],"predecessor-version":[{"id":936,"href":"https:\/\/www.praha-mecholupy.cz\/ravennska.321-322\/index.php?rest_route=\/wp\/v2\/pages\/25\/revisions\/936"}],"wp:attachment":[{"href":"https:\/\/www.praha-mecholupy.cz\/ravennska.321-322\/index.php?rest_route=%2Fwp%2Fv2%2Fmedia&parent=25"}],"curies":[{"name":"wp","href":"https:\/\/api.w.org\/{rel}","templated":true}]}}