{"id":340,"date":"2016-05-13T20:34:26","date_gmt":"2016-05-13T19:34:26","guid":{"rendered":"http:\/\/www.praha-mecholupy.cz\/ravennska.321-322\/?page_id=340"},"modified":"2017-09-07T20:05:40","modified_gmt":"2017-09-07T19:05:40","slug":"pravidla-oprav-a-udrzby","status":"publish","type":"page","link":"https:\/\/www.praha-mecholupy.cz\/ravennska.321-322\/?page_id=340","title":{"rendered":"Pravidla oprav a \u00fadr\u017eby"},"content":{"rendered":"<p>SVJ zaji\u0161\u0165uje opravy a \u00fadr\u017ebu spole\u010dn\u00fdch prostor. Co jsou spole\u010dn\u00e9 prostory vymezuje prohl\u00e1\u0161en\u00ed vlastn\u00edka. Za SVJ jedn\u00e1 schv\u00e1len\u00fd v\u00fdbor, kter\u00fd rovn\u011b\u017e zodpov\u00edd\u00e1 za hospod\u00e1\u0159sk\u00e9 prost\u0159edky SVJ. Proto jak\u00e9koli z\u00e1vady na spole\u010dn\u00e9m majetku neodstra\u0148ujte sami ani neobjedn\u00e1vejte jejich odstran\u011bn\u00ed, ale v\u017edy hla\u0161te a \u017e\u00e1dejte o n\u00e1pravu p\u0159\u00edmo v\u00fdbor SVJ, jak bylo projedn\u00e1no na ustanovuj\u00edc\u00ed sch\u016fzi shrom\u00e1\u017ed\u011bn\u00ed dne 11.5.2016. Kontakty jsou na Webov\u00fdch str\u00e1nk\u00e1ch.<\/p>\n<p>V p\u0159\u00edpad\u011b jak\u00fdchkoli z\u00e1sah\u016f do spole\u010dn\u00fdch \u010d\u00e1st\u00ed SVJ bez souhlasu v\u00fdboru (p\u0159\u00edpadn\u011b shrom\u00e1\u017ed\u011bn\u00ed tam, kde to ukl\u00e1d\u00e1 z\u00e1kon nebo stanovy) nejen\u017ee hroz\u00ed, \u017ee opravu si objednavatel plat\u00ed s\u00e1m, ale nese i p\u0159\u00edpadn\u00e9 dal\u0161\u00ed sankce, kter\u00e9 vypl\u00fdvaj\u00ed ze z\u00e1kona.<\/p>\n<p>Pokud dojde k z\u00e1va\u017en\u00fdm okolnostem, kter\u00e9 mohou ohrozit \u017eivoty \u010di zdrav\u00ed nebo z\u00e1sadn\u011b po\u0161kodit majetek SVJ nebo kter\u00e9hokoli \u010dlena, je pot\u0159eba se obr\u00e1tit o pomoc k p\u0159\u00edslu\u0161n\u00fdm org\u00e1n\u016fm st\u00e1tu (hasi\u010di, Policie \u010cR, atd.).<\/p>\n<p>D\u011bkujeme, \u017ee respektujete tyto pokyny!<\/p>\n","protected":false},"excerpt":{"rendered":"<p>SVJ zaji\u0161\u0165uje opravy a \u00fadr\u017ebu spole\u010dn\u00fdch prostor. Co jsou spole\u010dn\u00e9 prostory vymezuje prohl\u00e1\u0161en\u00ed vlastn\u00edka. Za SVJ jedn\u00e1 schv\u00e1len\u00fd v\u00fdbor, kter\u00fd rovn\u011b\u017e zodpov\u00edd\u00e1 za hospod\u00e1\u0159sk\u00e9 prost\u0159edky SVJ. Proto jak\u00e9koli z\u00e1vady na spole\u010dn\u00e9m majetku neodstra\u0148ujte sami ani neobjedn\u00e1vejte jejich odstran\u011bn\u00ed, ale v\u017edy hla\u0161te a \u017e\u00e1dejte o n\u00e1pravu p\u0159\u00edmo v\u00fdbor SVJ, jak bylo projedn\u00e1no na ustanovuj\u00edc\u00ed sch\u016fzi shrom\u00e1\u017ed\u011bn\u00ed &hellip; <a href=\"https:\/\/www.praha-mecholupy.cz\/ravennska.321-322\/?page_id=340\" class=\"more-link\">\u010ct\u011bte d\u00e1le <span class=\"meta-nav\">&rarr;<\/span><\/a><\/p>\n","protected":false},"author":1,"featured_media":0,"parent":0,"menu_order":0,"comment_status":"closed","ping_status":"open","template":"","meta":{"footnotes":""},"class_list":["post-340","page","type-page","status-publish","hentry"],"_links":{"self":[{"href":"https:\/\/www.praha-mecholupy.cz\/ravennska.321-322\/index.php?rest_route=\/wp\/v2\/pages\/340","targetHints":{"allow":["GET"]}}],"collection":[{"href":"https:\/\/www.praha-mecholupy.cz\/ravennska.321-322\/index.php?rest_route=\/wp\/v2\/pages"}],"about":[{"href":"https:\/\/www.praha-mecholupy.cz\/ravennska.321-322\/index.php?rest_route=\/wp\/v2\/types\/page"}],"author":[{"embeddable":true,"href":"https:\/\/www.praha-mecholupy.cz\/ravennska.321-322\/index.php?rest_route=\/wp\/v2\/users\/1"}],"replies":[{"embeddable":true,"href":"https:\/\/www.praha-mecholupy.cz\/ravennska.321-322\/index.php?rest_route=%2Fwp%2Fv2%2Fcomments&post=340"}],"version-history":[{"count":4,"href":"https:\/\/www.praha-mecholupy.cz\/ravennska.321-322\/index.php?rest_route=\/wp\/v2\/pages\/340\/revisions"}],"predecessor-version":[{"id":490,"href":"https:\/\/www.praha-mecholupy.cz\/ravennska.321-322\/index.php?rest_route=\/wp\/v2\/pages\/340\/revisions\/490"}],"wp:attachment":[{"href":"https:\/\/www.praha-mecholupy.cz\/ravennska.321-322\/index.php?rest_route=%2Fwp%2Fv2%2Fmedia&parent=340"}],"curies":[{"name":"wp","href":"https:\/\/api.w.org\/{rel}","templated":true}]}}