{"id":37,"date":"2014-04-26T18:55:23","date_gmt":"2014-04-26T17:55:23","guid":{"rendered":"http:\/\/www.praha-mecholupy.cz\/ravennska.321-322\/?page_id=37"},"modified":"2019-02-19T22:15:37","modified_gmt":"2019-02-19T21:15:37","slug":"uvodni-stranka","status":"publish","type":"page","link":"https:\/\/www.praha-mecholupy.cz\/ravennska.321-322\/","title":{"rendered":"\u00davodn\u00ed str\u00e1nka"},"content":{"rendered":"<p>V\u00edtejte na str\u00e1nk\u00e1ch Spole\u010denstv\u00ed vlastn\u00edk\u016f jednotek Ravennsk\u00e1 321,322, Praha 10 &#8211; Horn\u00ed M\u011bcholupy (d\u00e1le jen SVJ).<\/p>\n<p>Tyto str\u00e1nky byly vytvo\u0159eny jako komunika\u010dn\u00ed kan\u00e1l mezi vlasn\u00edky jednotek\u00a0a SVJ.<\/p>\n<p>Najdete zde zejm\u00e9na:<\/p>\n<ul>\n<li>Aktu\u00e1ln\u00ed zpr\u00e1vy na <a title=\"Aktuality\/n\u00e1st\u011bnka\" href=\"\/ravennska.321-322\/?page_id=39\">n\u00e1st\u011bnce<\/a>\u00a0(tzv. informa\u010dn\u00ed deska dle z\u00e1kona)<\/li>\n<li>Pozv\u00e1nky na <a title=\"Shrom\u00e1\u017ed\u011bn\u00ed\" href=\"\/ravennska.321-322\/?page_id=25\">sch\u016fze shrom\u00e1\u017ed\u011bn\u00ed<\/a>\u00a0a informace ze sch\u016fz\u00ed<\/li>\n<li><a title=\"Kontakty\" href=\"\/ravennska.321-322\/?page_id=31\">Kontaktn\u00ed \u00fadaje<\/a><\/li>\n<\/ul>\n<p>Str\u00e1nky d\u00e1le rozv\u00edj\u00edme dle ohlasu a pot\u0159eb.<\/p>\n<p><a href=\"\/ravennska.321-322\/wp-content\/uploads\/2014\/04\/dum1.jpg\"><img loading=\"lazy\" decoding=\"async\" class=\"aligncenter wp-image-52 size-full\" src=\"http:\/\/www.praha-mecholupy.cz\/ravennska.321-322\/wp-content\/uploads\/2014\/04\/dum1.jpg\" alt=\"dum1\" width=\"281\" height=\"370\" \/><\/a><\/p>\n","protected":false},"excerpt":{"rendered":"<p>V\u00edtejte na str\u00e1nk\u00e1ch Spole\u010denstv\u00ed vlastn\u00edk\u016f jednotek Ravennsk\u00e1 321,322, Praha 10 &#8211; Horn\u00ed M\u011bcholupy (d\u00e1le jen SVJ). Tyto str\u00e1nky byly vytvo\u0159eny jako komunika\u010dn\u00ed kan\u00e1l mezi vlasn\u00edky jednotek\u00a0a SVJ. Najdete zde zejm\u00e9na: Aktu\u00e1ln\u00ed zpr\u00e1vy na n\u00e1st\u011bnce\u00a0(tzv. informa\u010dn\u00ed deska dle z\u00e1kona) Pozv\u00e1nky na sch\u016fze shrom\u00e1\u017ed\u011bn\u00ed\u00a0a informace ze sch\u016fz\u00ed Kontaktn\u00ed \u00fadaje Str\u00e1nky d\u00e1le rozv\u00edj\u00edme dle ohlasu a pot\u0159eb.<\/p>\n","protected":false},"author":1,"featured_media":0,"parent":0,"menu_order":0,"comment_status":"closed","ping_status":"open","template":"","meta":{"footnotes":""},"class_list":["post-37","page","type-page","status-publish","hentry"],"_links":{"self":[{"href":"https:\/\/www.praha-mecholupy.cz\/ravennska.321-322\/index.php?rest_route=\/wp\/v2\/pages\/37","targetHints":{"allow":["GET"]}}],"collection":[{"href":"https:\/\/www.praha-mecholupy.cz\/ravennska.321-322\/index.php?rest_route=\/wp\/v2\/pages"}],"about":[{"href":"https:\/\/www.praha-mecholupy.cz\/ravennska.321-322\/index.php?rest_route=\/wp\/v2\/types\/page"}],"author":[{"embeddable":true,"href":"https:\/\/www.praha-mecholupy.cz\/ravennska.321-322\/index.php?rest_route=\/wp\/v2\/users\/1"}],"replies":[{"embeddable":true,"href":"https:\/\/www.praha-mecholupy.cz\/ravennska.321-322\/index.php?rest_route=%2Fwp%2Fv2%2Fcomments&post=37"}],"version-history":[{"count":17,"href":"https:\/\/www.praha-mecholupy.cz\/ravennska.321-322\/index.php?rest_route=\/wp\/v2\/pages\/37\/revisions"}],"predecessor-version":[{"id":569,"href":"https:\/\/www.praha-mecholupy.cz\/ravennska.321-322\/index.php?rest_route=\/wp\/v2\/pages\/37\/revisions\/569"}],"wp:attachment":[{"href":"https:\/\/www.praha-mecholupy.cz\/ravennska.321-322\/index.php?rest_route=%2Fwp%2Fv2%2Fmedia&parent=37"}],"curies":[{"name":"wp","href":"https:\/\/api.w.org\/{rel}","templated":true}]}}