{"id":77,"date":"2014-05-22T20:22:22","date_gmt":"2014-05-22T19:22:22","guid":{"rendered":"http:\/\/www.praha-mecholupy.cz\/ravennska.321-322\/?page_id=77"},"modified":"2025-09-24T20:15:23","modified_gmt":"2025-09-24T19:15:23","slug":"stanovy-druzstva","status":"publish","type":"page","link":"https:\/\/www.praha-mecholupy.cz\/ravennska.321-322\/?page_id=77","title":{"rendered":"Statut\u00e1rn\u00ed dokumenty"},"content":{"rendered":"<p>Spole\u010denstv\u00ed vlastn\u00edk\u016f jednotek podl\u00e9h\u00e1 zejm\u00e9na z\u00e1konu \u010d. 89\/2012 Sb. (tzv. nov\u00fd ob\u010dansk\u00fd z\u00e1kon\u00edk).<\/p>\n<p>Na to navazuj\u00ed i <strong><a href=\"http:\/\/www.praha-mecholupy.cz\/ravennska.321-322\/wp-content\/uploads\/2014\/11\/Stanovy_SVJ_Ravennska_321_322.pdf\">stanovy SVJ<\/a>,\u00a0<\/strong>kter\u00e9 jsou jako sou\u010d\u00e1st prohl\u00e1\u0161en\u00ed vlastn\u00edka ulo\u017eeny na Katastru nemovitost\u00ed a d\u00e1le v Obchodn\u00edm rejst\u0159\u00edku.<\/p>\n<p>Chov\u00e1n\u00ed vlastn\u00edk\u016f i osob dot\u010den\u00fdch a spole\u010dn\u00e9 sou\u017eit\u00ed je pak d\u00e1le o\u0161et\u0159eno v <strong><a href=\"http:\/\/www.praha-mecholupy.cz\/ravennska.321-322\/wp-content\/uploads\/2016\/05\/Domovn\u00ed_\u0159\u00e1d.pdf\">domovn\u00edm \u0159\u00e1du<\/a><\/strong> schv\u00e1len\u00e9m ustavuj\u00edc\u00ed sch\u016fz\u00ed shrom\u00e1\u017ed\u011bn\u00ed ze dne 11.5.2016.<\/p>\n<p>Pro budovy m\u00e1me od roku 2024 vypracovan\u00fd <a href=\"http:\/\/www.praha-mecholupy.cz\/ravennska.321-322\/wp-content\/uploads\/2024\/06\/energeticky_prukaz_ravennska321322_2024.pdf\"><strong>energetick\u00fd pr\u016fkaz<\/strong><\/a>, kter\u00fd je mo\u017en\u00e9 pou\u017e\u00edt p\u0159i pron\u00e1jmu nebo prodeji \u010d\u00e1sti nemovitosti.<\/p>\n","protected":false},"excerpt":{"rendered":"<p>Spole\u010denstv\u00ed vlastn\u00edk\u016f jednotek podl\u00e9h\u00e1 zejm\u00e9na z\u00e1konu \u010d. 89\/2012 Sb. (tzv. nov\u00fd ob\u010dansk\u00fd z\u00e1kon\u00edk). Na to navazuj\u00ed i stanovy SVJ,\u00a0kter\u00e9 jsou jako sou\u010d\u00e1st prohl\u00e1\u0161en\u00ed vlastn\u00edka ulo\u017eeny na Katastru nemovitost\u00ed a d\u00e1le v Obchodn\u00edm rejst\u0159\u00edku. Chov\u00e1n\u00ed vlastn\u00edk\u016f i osob dot\u010den\u00fdch a spole\u010dn\u00e9 sou\u017eit\u00ed je pak d\u00e1le o\u0161et\u0159eno v domovn\u00edm \u0159\u00e1du schv\u00e1len\u00e9m ustavuj\u00edc\u00ed sch\u016fz\u00ed shrom\u00e1\u017ed\u011bn\u00ed ze dne 11.5.2016. &hellip; <a href=\"https:\/\/www.praha-mecholupy.cz\/ravennska.321-322\/?page_id=77\" class=\"more-link\">\u010ct\u011bte d\u00e1le <span class=\"meta-nav\">&rarr;<\/span><\/a><\/p>\n","protected":false},"author":1,"featured_media":0,"parent":0,"menu_order":3,"comment_status":"closed","ping_status":"open","template":"","meta":{"footnotes":""},"class_list":["post-77","page","type-page","status-publish","hentry"],"_links":{"self":[{"href":"https:\/\/www.praha-mecholupy.cz\/ravennska.321-322\/index.php?rest_route=\/wp\/v2\/pages\/77","targetHints":{"allow":["GET"]}}],"collection":[{"href":"https:\/\/www.praha-mecholupy.cz\/ravennska.321-322\/index.php?rest_route=\/wp\/v2\/pages"}],"about":[{"href":"https:\/\/www.praha-mecholupy.cz\/ravennska.321-322\/index.php?rest_route=\/wp\/v2\/types\/page"}],"author":[{"embeddable":true,"href":"https:\/\/www.praha-mecholupy.cz\/ravennska.321-322\/index.php?rest_route=\/wp\/v2\/users\/1"}],"replies":[{"embeddable":true,"href":"https:\/\/www.praha-mecholupy.cz\/ravennska.321-322\/index.php?rest_route=%2Fwp%2Fv2%2Fcomments&post=77"}],"version-history":[{"count":15,"href":"https:\/\/www.praha-mecholupy.cz\/ravennska.321-322\/index.php?rest_route=\/wp\/v2\/pages\/77\/revisions"}],"predecessor-version":[{"id":943,"href":"https:\/\/www.praha-mecholupy.cz\/ravennska.321-322\/index.php?rest_route=\/wp\/v2\/pages\/77\/revisions\/943"}],"wp:attachment":[{"href":"https:\/\/www.praha-mecholupy.cz\/ravennska.321-322\/index.php?rest_route=%2Fwp%2Fv2%2Fmedia&parent=77"}],"curies":[{"name":"wp","href":"https:\/\/api.w.org\/{rel}","templated":true}]}}